{"id":4457,"date":"2023-03-05T06:15:46","date_gmt":"2023-03-05T06:15:46","guid":{"rendered":"http:\/\/bannervision.tv\/politica-de-privacidad\/"},"modified":"2023-03-30T11:09:46","modified_gmt":"2023-03-30T11:09:46","slug":"politica-de-privacidad","status":"publish","type":"page","link":"https:\/\/bannervision.tv\/es\/politica-de-privacidad\/","title":{"rendered":"Pol\u00edtica de privacidad"},"content":{"rendered":"\n<p>Su acceso y uso del Sitio est\u00e1n sujetos a las Condiciones de Uso de BannerVision. BannerVision ha creado esta Pol\u00edtica de Privacidad para explicar qu\u00e9 informaci\u00f3n recopilamos de usted cuando visita nuestro Sitio, c\u00f3mo podemos utilizar esta informaci\u00f3n y los enfoques de seguridad que utilizamos para proteger su informaci\u00f3n. Esta Pol\u00edtica de Privacidad se incorpora y forma parte de las Condiciones de Uso de BannerVision.<\/p>\n\n<p>Al utilizar el Sitio, usted acepta que BannerVision recopile y utilice su informaci\u00f3n de acuerdo con esta Pol\u00edtica de privacidad. Si decidimos cambiar nuestra pol\u00edtica de privacidad, publicaremos dichos cambios en esta p\u00e1gina. Los cambios de pol\u00edtica s\u00f3lo se aplicar\u00e1n a la informaci\u00f3n recopilada despu\u00e9s de la fecha del cambio.<\/p>\n\n<p><strong>1.<\/strong> <strong>\u00bfQu\u00e9 informaci\u00f3n recogemos?<\/strong><\/p>\n\n<p>Podemos recopilar informaci\u00f3n sobre usted cuando se registre en el sitio, realice un pedido de productos o servicios, responda a una comunicaci\u00f3n como el correo electr\u00f3nico o participe en otra funci\u00f3n del sitio.<\/p>\n\n<ul class=\"wp-block-list\">\n<li>Al realizar un pedido o registrarse, es posible que le pidamos su nombre, direcci\u00f3n de correo electr\u00f3nico, direcci\u00f3n postal, n\u00famero de tel\u00e9fono, datos de su tarjeta de cr\u00e9dito u otra informaci\u00f3n. No obstante, puede visitar nuestro sitio sin facilitar dicha informaci\u00f3n.<\/li>\n\n\n\n<li>Utilizamos las direcciones IP y los identificadores de sesi\u00f3n para analizar tendencias, administrar el sitio, rastrear las actividades de los usuarios, deducir los intereses de los usuarios y, de otro modo, inducir, deducir y recopilar informaci\u00f3n sobre usuarios individuales y segmentos de mercado.<\/li>\n\n\n\n<li>Al igual que muchos sitios web, utilizamos \u00abcookies\u00bb para mejorar su experiencia y recopilar informaci\u00f3n sobre los visitantes y las visitas a nuestro Sitio. Consulte la secci\u00f3n \u00ab\u00bfUtilizamos cookies?\u00bb para obtener informaci\u00f3n sobre las cookies y c\u00f3mo las utilizamos.<\/li>\n<\/ul>\n\n<p><strong>2. \u00bfC\u00f3mo utilizamos su informaci\u00f3n?<\/strong><\/p>\n\n<p>Podemos utilizar la informaci\u00f3n que obtenemos de usted cuando se registra, compra productos o servicios, responde a una encuesta o a una comunicaci\u00f3n de marketing, navega por el Sitio o utiliza otras funciones del Sitio de las siguientes maneras:<\/p>\n\n<ul class=\"wp-block-list\">\n<li>Para personalizar su experiencia en el sitio y permitirnos ofrecerle el tipo de contenidos y productos que m\u00e1s le interesan.<\/li>\n\n\n\n<li>Para permitirnos ofrecerle un mejor servicio al responder a sus solicitudes de atenci\u00f3n al cliente.<\/li>\n\n\n\n<li>Para procesar r\u00e1pidamente sus transacciones.<\/li>\n\n\n\n<li>Para administrar una promoci\u00f3n, encuesta u otra funci\u00f3n del Sitio.<\/li>\n<\/ul>\n\n<p><strong>3. \u00bfDivulgamos la informaci\u00f3n que recopilamos a terceros?<\/strong><\/p>\n\n<p>Por lo general, no vendemos, intercambiamos ni transferimos a terceros sus datos personales a menos que se lo notifiquemos con antelaci\u00f3n, excepto en los casos descritos en el presente documento. El t\u00e9rmino \u00abpartes externas\u00bb no incluye a los socios de alojamiento de sitios web y otras partes que nos ayudan a operar nuestro Sitio, llevar a cabo nuestro negocio o prestarle servicios, siempre y cuando dichas partes acepten mantener la confidencialidad de esta informaci\u00f3n. En el caso de que vendamos nuestra empresa, o de que transfiramos de otro modo cualquier activo de nuestra empresa, podemos proporcionar su informaci\u00f3n al comprador para que pueda continuar la relaci\u00f3n o el negocio con nosotros y nuestros productos. Tambi\u00e9n podemos divulgar su informaci\u00f3n cuando creamos que es apropiado para cumplir la ley, hacer cumplir las pol\u00edticas de nuestro Sitio o proteger nuestros derechos, propiedad o seguridad o los de otros.<\/p>\n\n<p>No obstante, la informaci\u00f3n no personal de los visitantes puede facilitarse a terceros para fines de marketing, publicidad u otros usos.<\/p>\n\n<p><strong>4. Correcci\u00f3n\/actualizaci\u00f3n de datos personales<\/strong><\/p>\n\n<p>Puede corregir o actualizar sus datos personales registr\u00e1ndose de nuevo, actualizando su perfil o poni\u00e9ndose en contacto con nosotros por correo electr\u00f3nico help@bannervision.tv o por tel\u00e9fono (312.334.9727).<\/p>\n\n<p><strong>5. \u00bfUtilizamos \u00abcookies\u00bb?<br\/><\/strong><br\/>S\u00ed. Las cookies son peque\u00f1os archivos que un sitio o su proveedor de servicios transfiere al disco duro de su ordenador a trav\u00e9s de su navegador web (si usted lo permite) y que permiten a los sistemas del sitio o del proveedor de servicios reconocer su navegador y capturar y recordar determinada informaci\u00f3n. Por ejemplo, utilizamos cookies para ayudarnos a recordar y procesar los art\u00edculos de su cesta de la compra. Las cookies tambi\u00e9n se utilizan para ayudarnos a entender sus preferencias basadas en la actividad previa o actual del sitio, lo que nos permite ofrecerle servicios mejorados. Tambi\u00e9n utilizamos cookies para ayudarnos a recopilar datos agregados sobre el tr\u00e1fico y la interacci\u00f3n en el sitio, de modo que podamos ofrecer mejores experiencias y herramientas en el futuro.<\/p>\n\n<p>Podemos contratar a terceros proveedores de servicios para que nos ayuden a comprender mejor a los visitantes de nuestro Sitio. Estos proveedores de servicios no est\u00e1n autorizados a utilizar la informaci\u00f3n recopilada en nuestro nombre salvo para ayudarnos a dirigir y mejorar nuestra empresa.<\/p>\n\n<p>Puede elegir que su ordenador le avise cada vez que se env\u00ede una cookie, o puede elegir desactivar todas las cookies. Puede hacerlo a trav\u00e9s de la configuraci\u00f3n de su navegador (como Mozilla Firefox o Internet Explorer). Cada navegador es un poco diferente, as\u00ed que consulte el men\u00fa Ayuda de su navegador para conocer la forma correcta de modificar sus cookies. Si desactiva las cookies, no tendr\u00e1 acceso a muchas funciones que hacen que su experiencia en el Sitio sea m\u00e1s eficiente y algunos de nuestros servicios no funcionar\u00e1n correctamente.<\/p>\n\n<p><strong>6. Protecci\u00f3n de sus datos personales<\/strong><\/p>\n\n<p>BannerVision sigue los est\u00e1ndares de seguridad generalmente aceptados en la industria para salvaguardar y ayudar a prevenir el acceso no autorizado, mantener la seguridad de los datos y utilizar correctamente dicha Informaci\u00f3n Personal. Sin embargo, no se conoce ning\u00fan m\u00e9todo comercial de transferencia de informaci\u00f3n a trav\u00e9s de Internet o de almacenamiento electr\u00f3nico de datos que sea seguro al 100%. En consecuencia, no podemos garantizar la seguridad absoluta de esa informaci\u00f3n durante su transmisi\u00f3n o su almacenamiento en nuestros sistemas.<\/p>\n\n<p><strong>7. Privacidad y enlaces de terceros<br\/><br\/><\/strong>Esta Pol\u00edtica de Privacidad se aplica \u00fanicamente a la informaci\u00f3n recogida por nuestro Sitio. En un intento por ofrecerle un mayor valor, podemos incluir enlaces de terceros en nuestro Sitio. Estos sitios enlazados tienen pol\u00edticas de privacidad separadas e independientes. Por lo tanto, no tenemos responsabilidad alguna por el contenido y las actividades de estos sitios enlazados. No obstante, tratamos de proteger la integridad de nuestro Sitio y agradecemos cualquier comentario sobre estos sitios enlazados (incluso si un enlace espec\u00edfico no funciona).<\/p>\n\n<p><strong>8. S\u00f3lo pol\u00edtica en l\u00ednea<br\/><\/strong><br\/>Esta Pol\u00edtica de Privacidad se aplica \u00fanicamente a la informaci\u00f3n recogida a trav\u00e9s de nuestro Sitio y no a la informaci\u00f3n recogida fuera de l\u00ednea.<\/p>\n\n<p><strong>9. Preguntas y comentarios<br\/><\/strong><br\/>Agradecemos sus preguntas, comentarios e inquietudes sobre el Sitio. Env\u00edenos sus comentarios o preguntas sobre el sitio web a info@bannervision.tv indicando en el asunto \u00abPOL\u00cdTICA DE PRIVACIDAD DEL SITIO WEB\u00bb o por correo a la siguiente direcci\u00f3n:<\/p>\n\n<p>BannerVision, LLC<br\/>737 North LaSalle Ave<br\/><sup>4\u00aa<\/sup> planta<br\/>Chicago, IL 60654<\/p>\n\n<p><strong>10. Avisos importantes para los no residentes en Estados Unidos<\/strong><\/p>\n\n<p>Es importante se\u00f1alar que el Sitio se explota en Estados Unidos. Si se encuentra fuera de los Estados Unidos, tenga en cuenta que cualquier informaci\u00f3n que nos proporcione ser\u00e1 transferida a los Estados Unidos. Al utilizar el Sitio y\/o proporcionarnos su Informaci\u00f3n de Visitante, usted consiente esta transferencia.<\/p>\n\n<p><strong>11. Sus derechos de privacidad en California<\/strong><\/p>\n\n<p>En virtud de la ley \u00abShine the Light\u00bb de California, los residentes de California que proporcionen informaci\u00f3n personal al obtener productos o servicios para uso personal, familiar o dom\u00e9stico tienen derecho a solicitarnos y obtener, una vez al a\u00f1o, informaci\u00f3n sobre los datos de clientes que hayamos compartido, en su caso, con otras empresas para sus propios usos de marketing directo. Si procede, esta informaci\u00f3n incluir\u00eda las categor\u00edas de informaci\u00f3n del cliente y los nombres y direcciones de las empresas con las que compartimos informaci\u00f3n del cliente durante el a\u00f1o natural inmediatamente anterior (por ejemplo, las solicitudes realizadas en 2013 recibir\u00e1n informaci\u00f3n relativa a las actividades de intercambio de 2012).<\/p>\n\n<p>Para obtener esta informaci\u00f3n de BannerVision, env\u00ede un mensaje de correo electr\u00f3nico a legal@bannervision.tv indicando en el asunto y en el cuerpo del mensaje \u00abRequest for California Privacy Information\u00bb. En respuesta, le proporcionaremos la informaci\u00f3n solicitada a su direcci\u00f3n de correo electr\u00f3nico. No todo el intercambio de informaci\u00f3n est\u00e1 cubierto por los requisitos de \u00abShine the Light\u00bb y en nuestra respuesta s\u00f3lo se incluir\u00e1 informaci\u00f3n sobre el intercambio cubierto.<\/p>\n","protected":false},"excerpt":{"rendered":"<p>Su acceso y uso del Sitio est\u00e1n sujetos a las Condiciones de Uso de BannerVision. BannerVision ha creado esta Pol\u00edtica de Privacidad para explicar qu\u00e9 informaci\u00f3n recopilamos de usted cuando visita nuestro Sitio, c\u00f3mo podemos utilizar esta informaci\u00f3n y los enfoques de seguridad que utilizamos para proteger su informaci\u00f3n. Esta Pol\u00edtica de Privacidad se incorpora<\/p>\n","protected":false},"author":1,"featured_media":0,"parent":0,"menu_order":0,"comment_status":"closed","ping_status":"closed","template":"","meta":{"footnotes":""},"class_list":["post-4457","page","type-page","status-publish","hentry"],"aioseo_notices":[],"_links":{"self":[{"href":"https:\/\/bannervision.tv\/es\/wp-json\/wp\/v2\/pages\/4457","targetHints":{"allow":["GET"]}}],"collection":[{"href":"https:\/\/bannervision.tv\/es\/wp-json\/wp\/v2\/pages"}],"about":[{"href":"https:\/\/bannervision.tv\/es\/wp-json\/wp\/v2\/types\/page"}],"author":[{"embeddable":true,"href":"https:\/\/bannervision.tv\/es\/wp-json\/wp\/v2\/users\/1"}],"replies":[{"embeddable":true,"href":"https:\/\/bannervision.tv\/es\/wp-json\/wp\/v2\/comments?post=4457"}],"version-history":[{"count":1,"href":"https:\/\/bannervision.tv\/es\/wp-json\/wp\/v2\/pages\/4457\/revisions"}],"predecessor-version":[{"id":4459,"href":"https:\/\/bannervision.tv\/es\/wp-json\/wp\/v2\/pages\/4457\/revisions\/4459"}],"wp:attachment":[{"href":"https:\/\/bannervision.tv\/es\/wp-json\/wp\/v2\/media?parent=4457"}],"curies":[{"name":"wp","href":"https:\/\/api.w.org\/{rel}","templated":true}]}}